{"id":934,"date":"2023-10-19T17:28:52","date_gmt":"2023-10-19T17:28:52","guid":{"rendered":"https:\/\/mymobilex.local\/?page_id=934"},"modified":"2025-02-19T20:01:26","modified_gmt":"2025-02-19T20:01:26","slug":"data-forecaster","status":"publish","type":"page","link":"https:\/\/mymobilex.com\/es\/data-forecaster\/","title":{"rendered":"Pron\u00f3stico de datos"},"content":{"rendered":"<script type=\"text\/javascript\">\nwindow.mxdf_fields = {\r\n    internalTitle: \"Forecaster Section\",\r\n    title: \"<span class=\\\"text-highlight\\\">Data<\/span> Forecaster\",\r\n    subtitle: \"Enter either a <span class='font-semibold'>Dollar amount<\/span>, a <span class='font-semibold'>Data amount<\/span> or <span class='font-semibold'>adjust the sliders<\/span> below to calculate the perfect MobileX service just for you.\",\r\n    sideText: {\r\n       data: {},\r\n       content: [{\r\n          data: {},\r\n          content: [{\r\n                data: {},\r\n                marks: [],\r\n                value: \"The MobileX Data Forecaster provides a general forecast of how much data you need based on your choice of dollars, data or average monthly data usage estimations\u2014simply adjust the sliders to reflect your average month\u2019s data usage across common categories.\u00a0\",\r\n                nodeType: \"text\"\r\n             },\r\n             {\r\n                data: {},\r\n                marks: [{\r\n                   type: \"bold\"\r\n                }],\r\n                value: \"Still have questions? \",\r\n                nodeType: \"text\"\r\n             },\r\n             {\r\n                data: {\r\n                   uri: \"mailto:help@myMobileX.com\"\r\n                },\r\n                content: [{\r\n                   data: {},\r\n                   marks: [{\r\n                      type: \"bold\"\r\n                   }],\r\n                   value: \"Contact XpertCare\",\r\n                   nodeType: \"text\"\r\n                }],\r\n                nodeType: \"hyperlink\"\r\n             },\r\n             {\r\n                data: {},\r\n                marks: [],\r\n                value: \"\",\r\n                nodeType: \"text\"\r\n             }\r\n          ],\r\n          nodeType: \"paragraph\"\r\n       }],\r\n       nodeType: \"document\"\r\n    },\r\n    type: \"configuratorSectionType\",\r\n    footer: \"<span>Data consumption figures represented are approximate only.<\/span>\\n<span>Pricing based on $2.10\/GB plus $1.98 platform fee\u2014no other taxes or fees are included (but may be applicable).<\/span>\",\r\n    inputLabels: {\r\n       metadata: {\r\n          tags: []\r\n       },\r\n       sys: {\r\n          space: {\r\n             sys: {\r\n                type: \"Link\",\r\n                linkType: \"Space\",\r\n                id: \"0ki11o8czqpd\"\r\n             }\r\n          },\r\n          id: \"1q5ULKnioQGq0UILv8zAR3\",\r\n          type: \"Entry\",\r\n          createdAt: \"2023-08-15T09:09:55.908Z\",\r\n          updatedAt: \"2023-09-12T17:07:58.772Z\",\r\n          environment: {\r\n             sys: {\r\n                id: \"DEV\",\r\n                type: \"Link\",\r\n                linkType: \"Environment\"\r\n             }\r\n          },\r\n          revision: 4,\r\n          contentType: {\r\n             sys: {\r\n                type: \"Link\",\r\n                linkType: \"ContentType\",\r\n                id: \"componentForecasterInputLabels\"\r\n             }\r\n          },\r\n          locale: \"en-US\"\r\n       },\r\n       fields: {\r\n          dataLabel: \"ENTER DATA\",\r\n          dataErrorMessage: \"Minimum 1GB, maximum 99GB\",\r\n          valueLabel: \"ENTER DOLLARS\",\r\n          labelErrorMessage: \"Minimum $2, maximum $50\"\r\n       }\r\n    },\r\n    talktext: {\r\n       metadata: {\r\n          tags: []\r\n       },\r\n       sys: {\r\n          space: {\r\n             sys: {\r\n                type: \"Link\",\r\n                linkType: \"Space\",\r\n                id: \"0ki11o8czqpd\"\r\n             }\r\n          },\r\n          id: \"7iLMHgB9IPbSJIGwd0a9EC\",\r\n          type: \"Entry\",\r\n          createdAt: \"2023-08-15T10:01:28.695Z\",\r\n          updatedAt: \"2023-09-27T09:29:43.541Z\",\r\n          environment: {\r\n             sys: {\r\n                id: \"DEV\",\r\n                type: \"Link\",\r\n                linkType: \"Environment\"\r\n             }\r\n          },\r\n          revision: 19,\r\n          contentType: {\r\n             sys: {\r\n                type: \"Link\",\r\n                linkType: \"ContentType\",\r\n                id: \"componentForecasterTalkText\"\r\n             }\r\n          },\r\n          locale: \"en-US\"\r\n       },\r\n       fields: {\r\n          title: \"TALK\/TEXT\",\r\n          subtitle: \"UNITED STATES\",\r\n          periodText: \"per month\",\r\n          label1: \"Unlimited <wbr>Talk\/Text\",\r\n          label2: \"Talk 150\/<wbr>Text 150\",\r\n          label3: \"Talk 50\/<wbr>Text 50\",\r\n          label4: \"None\"\r\n       }\r\n    },\r\n    mexicocanada: {\r\n       metadata: {\r\n          tags: []\r\n       },\r\n       sys: {\r\n          space: {\r\n             sys: {\r\n                type: \"Link\",\r\n                linkType: \"Space\",\r\n                id: \"0ki11o8czqpd\"\r\n             }\r\n          },\r\n          id: \"4gQqBI4gUIdQxjbE3zuzaG\",\r\n          type: \"Entry\",\r\n          createdAt: \"2023-09-22T10:26:11.362Z\",\r\n          updatedAt: \"2023-09-27T09:27:39.731Z\",\r\n          environment: {\r\n             sys: {\r\n                id: \"DEV\",\r\n                type: \"Link\",\r\n                linkType: \"Environment\"\r\n             }\r\n          },\r\n          revision: 5,\r\n          contentType: {\r\n             sys: {\r\n                type: \"Link\",\r\n                linkType: \"ContentType\",\r\n                id: \"componentForecasterTalkText\"\r\n             }\r\n          },\r\n          locale: \"en-US\"\r\n       },\r\n       fields: {\r\n          title: \"TALK\/TEXT\",\r\n          subtitle: \"MEXICO & CANADA\",\r\n          periodText: \"per month\",\r\n          label1: \"Unlimited <wbr>Talk\/Text\",\r\n          label2: \"None\",\r\n          label3: \"\/\",\r\n          label4: \"\/\"\r\n       }\r\n    },\r\n    mobilePhone: {\r\n       metadata: {\r\n          tags: []\r\n       },\r\n       sys: {\r\n          space: {\r\n             sys: {\r\n                type: \"Link\",\r\n                linkType: \"Space\",\r\n                id: \"0ki11o8czqpd\"\r\n             }\r\n          },\r\n          id: \"7kBKfBUvLw1k9qvOCoBarm\",\r\n          type: \"Entry\",\r\n          createdAt: \"2023-08-15T10:32:52.081Z\",\r\n          updatedAt: \"2023-09-27T09:27:39.748Z\",\r\n          environment: {\r\n             sys: {\r\n                id: \"DEV\",\r\n                type: \"Link\",\r\n                linkType: \"Environment\"\r\n             }\r\n          },\r\n          revision: 2,\r\n          contentType: {\r\n             sys: {\r\n                type: \"Link\",\r\n                linkType: \"ContentType\",\r\n                id: \"componentForecasterMobilePhone\"\r\n             }\r\n          },\r\n          locale: \"en-US\"\r\n       },\r\n       fields: {\r\n          title: \"Your data-use forecast.\",\r\n          unit: \"GIGABYTES\",\r\n          label: \"OVER 30 DAYS  \"\r\n       }\r\n    },\r\n    slider: {\r\n       metadata: {\r\n          tags: []\r\n       },\r\n       sys: {\r\n          space: {\r\n             sys: {\r\n                type: \"Link\",\r\n                linkType: \"Space\",\r\n                id: \"0ki11o8czqpd\"\r\n             }\r\n          },\r\n          id: \"5fuMj2c4TV7oyeiuHRvNVc\",\r\n          type: \"Entry\",\r\n          createdAt: \"2023-08-15T10:42:15.989Z\",\r\n          updatedAt: \"2023-09-27T09:29:43.560Z\",\r\n          environment: {\r\n             sys: {\r\n                id: \"DEV\",\r\n                type: \"Link\",\r\n                linkType: \"Environment\"\r\n             }\r\n          },\r\n          revision: 5,\r\n          contentType: {\r\n             sys: {\r\n                type: \"Link\",\r\n                linkType: \"ContentType\",\r\n                id: \"componentForecasterSlider\"\r\n             }\r\n          },\r\n          locale: \"en-US\"\r\n       },\r\n       fields: {\r\n          title: \"OR ADJUST DATA SLIDERS TO REFLECT YOUR TYPICAL MONTHLY USAGE\",\r\n          webTitle: \"BROWSING\",\r\n          webLabel: \"Number of sites\/pages you visit\",\r\n          videoTitle: \"VIDEO STREAMING\",\r\n          videoLabel: \"Time streaming video (YouTube, TikTok, Facebook, etc)\",\r\n          downloadsTitle: \"MOVIE DOWNLOADS\",\r\n          downloadsLabel: \"Amount of HD movies downloaded (iTunes, Google Play, etc)\",\r\n          musicTitle: \"MUSIC STREAMING\",\r\n          musicLabel: \"Time streaming music services (Spotify, Pandora, etc)\",\r\n          appsTitle: \"APPS AND GAMES\",\r\n          appsLabel: \"Number of apps\/games you'd download and use regularly\",\r\n          productivityTitle: \"PRODUCTIVITY\",\r\n          productivityLabel: \"Number of emails you might send\/receive\"\r\n       }\r\n    },\r\n    messageCenter: {\r\n       metadata: {\r\n          tags: []\r\n       },\r\n       sys: {\r\n          space: {\r\n             sys: {\r\n                type: \"Link\",\r\n                linkType: \"Space\",\r\n                id: \"0ki11o8czqpd\"\r\n             }\r\n          },\r\n          id: \"6aUuhEqammICz4qbY1SBfX\",\r\n          type: \"Entry\",\r\n          createdAt: \"2023-08-15T12:02:32.148Z\",\r\n          updatedAt: \"2023-09-20T19:32:10.191Z\",\r\n          environment: {\r\n             sys: {\r\n                id: \"DEV\",\r\n                type: \"Link\",\r\n                linkType: \"Environment\"\r\n             }\r\n          },\r\n          revision: 9,\r\n          contentType: {\r\n             sys: {\r\n                type: \"Link\",\r\n                linkType: \"ContentType\",\r\n                id: \"componentForecasterMessageCenter\"\r\n             }\r\n          },\r\n          locale: \"en-US\"\r\n       },\r\n       fields: {\r\n          welcomeTitle: \"<span class=\\\"text-highlight\\\">WELCOME TO THE<\/span> MOBILEX DATA FORECASTER!\",\r\n          welcomeLabel: \"<span class=\\\"font-extrabold\\\">REMEMBER:<\/span>\u2014mobile data isn\u2019t used whenever you\u2019re on a WiFi network, like at home or at work.\",\r\n          perfectMatchTitle: \"<span class=\\\"text-white\\\">LOOKS LIKE YOU\u2019D BE A PERFECT MATCH<\/span> FOR MOBILEX PERSONALIZED ACCESS!\",\r\n          perfectMatchLabel: \"Featuring our AI-guided data-use forecaster\",\r\n          perfectMatchButton: \"Find out more\",\r\n          basic15Title: \"<span class=\\\"text-white\\\">LOOKS LIKE YOU\u2019RE A GOOD FIT FOR OUR<\/span> BASIC UNLIMITED 5 PLAN\",\r\n          basic15Label: \"<span class=\\\"font-extrabold\\\">5GB Data<\/span> | Unlimited Talk & Text | $14.88 per month\",\r\n          basic15Button: \"Find out more\",\r\n          basic30Title: \"<span class=\\\"text-white\\\">LOOKS LIKE YOU\u2019RE A GOOD FIT FOR OUR<\/span> BASIC UNLIMITED 30 PLAN\",\r\n          basic30Label: \"<span class=\\\"font-extrabold\\\">30GB Data<\/span> | Unlimited Talk & Text | $24.88 per month\",\r\n          basic30Button: \"Find out more\",\r\n          notRightTitle: \"<span class=\\\"text-white\\\">HMMMM.<\/span> WE MAY NOT ACTUALLY BE RIGHT FOR EACH OTHER.\",\r\n          notRightLabel: \"<span class=\\\"font-extrabold\\\">Are you sure you\u2019re using that much data?<\/span>Remember, mobile data isn\u2019t used whenever you\u2019re on a WiFi network, like at home or at work. Adjust your data amount or we can recommend a service that may better suit your needs.\",\r\n          notRightButton: \"Find out more\"\r\n       }\r\n    },\r\n    platformFee: 1.98,\r\n    plan1Value: 5,\r\n    plan1Price: 14.88,\r\n    plan2Value: 30,\r\n    plan2Price: 24.88,\r\n    treshholdBetweenValues: 20\r\n };\n<\/script><data-forecaster><\/data-forecaster>\n\n<div class=\"mobx-legacy\">\n   <section id=\"help\"\n            class=\"py-[65px] lg:py-[120px]\">\n      <div class=\"wrapper\">\n\n          <div class=\"flex_container flex_two\">\n\n         <div class=\"flex_item one_third\">\n            <h2\n                class=\"text-[34px] font-black uppercase leading-[85%] lg:text-[89px] !text-[44px] text-white lg:!text-[60px]\">\n\n                                    <span>\u00bfNECESITAS AYUDA?<\/span>\n                \n            <\/h2>\n         <\/div>\n              <div class=\"flex_item two_thirds\">\n            <p class=\"mb-[30px] text-lightGreen lg:mb-[20px] need-help-p\">Somos un nuevo modelo de servicio m\u00f3vil, por lo que es natural que tengas preguntas a lo largo del camino. Para conectarse con un representante de XpertCare en vivo, env\u00edenos una nota por correo electr\u00f3nico o ll\u00e1menos al <strong>833-422-1053.<\/strong><br>\n            <\/p>\n             <div class=\"need-help-btns\">\n             <a href=\"mailto:xpertcare@mymobilex.com\"\n               class=\"btn\"\n               target=\"_self\"><span>Contacto XpertCare<\/span><\/a>\n\n             <a href=\"mailto:xpertcare@mymobilex.com\"\n                class=\"round-img-btn\"\n                target=\"_self\"><span class=\"logo-link\"><\/span><\/a>\n             <\/div>\n\n         <\/div>\n\n         <\/div>\n      <\/div>\n   <\/section>\n<\/div>","protected":false},"excerpt":{"rendered":"","protected":false},"author":1,"featured_media":0,"parent":0,"menu_order":0,"comment_status":"closed","ping_status":"closed","template":"","meta":{"_acf_changed":true,"footnotes":""},"class_list":["post-934","page","type-page","status-publish","hentry"],"acf":[],"yoast_head":"<!-- This site is optimized with the Yoast SEO plugin v25.7 - https:\/\/yoast.com\/wordpress\/plugins\/seo\/ -->\n<title>Data Calculator | How Much Cellular Data Do You Use?<\/title>\n<meta name=\"description\" content=\"Calculate how much cellular data you use and estimate your bill and potential savings by switching to MobileX.\" \/>\n<meta name=\"robots\" content=\"index, follow, max-snippet:-1, max-image-preview:large, max-video-preview:-1\" \/>\n<link rel=\"canonical\" href=\"https:\/\/mymobilex.com\/es\/data-forecaster\/\" \/>\n<meta property=\"og:locale\" content=\"es_MX\" \/>\n<meta property=\"og:type\" content=\"article\" \/>\n<meta property=\"og:title\" content=\"Data Calculator | How Much Cellular Data Do You Use?\" \/>\n<meta property=\"og:description\" content=\"Calculate how much cellular data you use and estimate your bill and potential savings by switching to MobileX.\" \/>\n<meta property=\"og:url\" content=\"https:\/\/mymobilex.com\/es\/data-forecaster\/\" \/>\n<meta property=\"og:site_name\" content=\"MobileX\" \/>\n<meta property=\"article:modified_time\" content=\"2025-02-19T20:01:26+00:00\" \/>\n<meta name=\"twitter:card\" content=\"summary_large_image\" \/>\n<script type=\"application\/ld+json\" class=\"yoast-schema-graph\">{\"@context\":\"https:\/\/schema.org\",\"@graph\":[{\"@type\":\"WebPage\",\"@id\":\"https:\/\/mymobilex.com\/data-forecaster\/\",\"url\":\"https:\/\/mymobilex.com\/data-forecaster\/\",\"name\":\"Data Calculator | How Much Cellular Data Do You Use?\",\"isPartOf\":{\"@id\":\"https:\/\/mymobilex.com\/#website\"},\"datePublished\":\"2023-10-19T17:28:52+00:00\",\"dateModified\":\"2025-02-19T20:01:26+00:00\",\"description\":\"Calculate how much cellular data you use and estimate your bill and potential savings by switching to MobileX.\",\"breadcrumb\":{\"@id\":\"https:\/\/mymobilex.com\/data-forecaster\/#breadcrumb\"},\"inLanguage\":\"es-MX\",\"potentialAction\":[{\"@type\":\"ReadAction\",\"target\":[\"https:\/\/mymobilex.com\/data-forecaster\/\"]}]},{\"@type\":\"BreadcrumbList\",\"@id\":\"https:\/\/mymobilex.com\/data-forecaster\/#breadcrumb\",\"itemListElement\":[{\"@type\":\"ListItem\",\"position\":1,\"name\":\"Home\",\"item\":\"https:\/\/mymobilex.com\/\"},{\"@type\":\"ListItem\",\"position\":2,\"name\":\"Data Forecaster\"}]},{\"@type\":\"WebSite\",\"@id\":\"https:\/\/mymobilex.com\/#website\",\"url\":\"https:\/\/mymobilex.com\/\",\"name\":\"MobileX\",\"description\":\"\",\"potentialAction\":[{\"@type\":\"SearchAction\",\"target\":{\"@type\":\"EntryPoint\",\"urlTemplate\":\"https:\/\/mymobilex.com\/?s={search_term_string}\"},\"query-input\":{\"@type\":\"PropertyValueSpecification\",\"valueRequired\":true,\"valueName\":\"search_term_string\"}}],\"inLanguage\":\"es-MX\"}]}<\/script>\n<!-- \/ Yoast SEO plugin. -->","yoast_head_json":{"title":"Data Calculator | How Much Cellular Data Do You Use?","description":"Calculate how much cellular data you use and estimate your bill and potential savings by switching to MobileX.","robots":{"index":"index","follow":"follow","max-snippet":"max-snippet:-1","max-image-preview":"max-image-preview:large","max-video-preview":"max-video-preview:-1"},"canonical":"https:\/\/mymobilex.com\/es\/data-forecaster\/","og_locale":"es_MX","og_type":"article","og_title":"Data Calculator | How Much Cellular Data Do You Use?","og_description":"Calculate how much cellular data you use and estimate your bill and potential savings by switching to MobileX.","og_url":"https:\/\/mymobilex.com\/es\/data-forecaster\/","og_site_name":"MobileX","article_modified_time":"2025-02-19T20:01:26+00:00","twitter_card":"summary_large_image","schema":{"@context":"https:\/\/schema.org","@graph":[{"@type":"WebPage","@id":"https:\/\/mymobilex.com\/data-forecaster\/","url":"https:\/\/mymobilex.com\/data-forecaster\/","name":"Data Calculator | How Much Cellular Data Do You Use?","isPartOf":{"@id":"https:\/\/mymobilex.com\/#website"},"datePublished":"2023-10-19T17:28:52+00:00","dateModified":"2025-02-19T20:01:26+00:00","description":"Calculate how much cellular data you use and estimate your bill and potential savings by switching to MobileX.","breadcrumb":{"@id":"https:\/\/mymobilex.com\/data-forecaster\/#breadcrumb"},"inLanguage":"es-MX","potentialAction":[{"@type":"ReadAction","target":["https:\/\/mymobilex.com\/data-forecaster\/"]}]},{"@type":"BreadcrumbList","@id":"https:\/\/mymobilex.com\/data-forecaster\/#breadcrumb","itemListElement":[{"@type":"ListItem","position":1,"name":"Home","item":"https:\/\/mymobilex.com\/"},{"@type":"ListItem","position":2,"name":"Data Forecaster"}]},{"@type":"WebSite","@id":"https:\/\/mymobilex.com\/#website","url":"https:\/\/mymobilex.com\/","name":"MobileX","description":"","potentialAction":[{"@type":"SearchAction","target":{"@type":"EntryPoint","urlTemplate":"https:\/\/mymobilex.com\/?s={search_term_string}"},"query-input":{"@type":"PropertyValueSpecification","valueRequired":true,"valueName":"search_term_string"}}],"inLanguage":"es-MX"}]}},"featured_image_src":null,"featured_image_src_square":null,"_links":{"self":[{"href":"https:\/\/mymobilex.com\/es\/wp-json\/wp\/v2\/pages\/934","targetHints":{"allow":["GET"]}}],"collection":[{"href":"https:\/\/mymobilex.com\/es\/wp-json\/wp\/v2\/pages"}],"about":[{"href":"https:\/\/mymobilex.com\/es\/wp-json\/wp\/v2\/types\/page"}],"author":[{"embeddable":true,"href":"https:\/\/mymobilex.com\/es\/wp-json\/wp\/v2\/users\/1"}],"replies":[{"embeddable":true,"href":"https:\/\/mymobilex.com\/es\/wp-json\/wp\/v2\/comments?post=934"}],"version-history":[{"count":0,"href":"https:\/\/mymobilex.com\/es\/wp-json\/wp\/v2\/pages\/934\/revisions"}],"wp:attachment":[{"href":"https:\/\/mymobilex.com\/es\/wp-json\/wp\/v2\/media?parent=934"}],"curies":[{"name":"wp","href":"https:\/\/api.w.org\/{rel}","templated":true}]}}