{"id":5369,"date":"2024-03-12T22:15:19","date_gmt":"2024-03-12T22:15:19","guid":{"rendered":"https:\/\/mymobilex.com\/?page_id=5369"},"modified":"2024-03-12T22:25:44","modified_gmt":"2024-03-12T22:25:44","slug":"about-us","status":"publish","type":"page","link":"https:\/\/mymobilex.com\/es\/about-us\/","title":{"rendered":"Qui\u00e9nes somos"},"content":{"rendered":"<figure class=\"wp-block-image\"><img decoding=\"async\" src=\"https:\/\/mymobilex.com\/wp-content\/uploads\/2024\/01\/about-us-peter.webp\" alt=\"about-us-peter\"\/><\/figure>\n\n\n\n<h4 class=\"wp-block-heading translation-block\"><span class=\"text-highlight\">INNOVANDO<\/span> EN NOMBRE DE LOS CONSUMIDORES.<\/h4>\n\n\n\n<p><\/p>\n\n\n\n<p><strong>MobileX is the world&#8217;s most customizable mobile carrier, delivering the ultimate in choice and cost control.<\/strong><\/p>\n\n\n\n<p>Creado por el equipo que te trajo Boost Mobile, MobileX est\u00e1 dirigido por Peter Adderton, el inspirador veterano de la industria m\u00f3vil con m\u00e1s de 20 a\u00f1os de experiencia defendiendo al consumidor con servicios de telefon\u00eda inal\u00e1mbrica a trav\u00e9s de sus empresas disruptivas de la industria. MobileX utiliza inteligencia artificial para predecir la cantidad de datos que necesitan los clientes, ofreciendo una reducci\u00f3n dram\u00e1tica en el costo al pagar y a la vez garantizando una velocidad y un servicio confiable.<\/p>\n\n\n\n<h4 class=\"wp-block-heading\"><\/h4>\n\n\n\n<p>If you\u2019re interested in joining the MobileX team, send us your resum\u00e9 to&nbsp;<a href=\"mailto:careers@mymobilex.com\">careers@mymobilex.com<\/a>&nbsp;and we\u2019ll let you know when we\u2019re hiring.<\/p>\n\n\n\n<style>\n.site-main.legal-page .wp-block-heading{\nfont-size:35px;\nfont-weight:900;\n}\n<\/style>","protected":false},"excerpt":{"rendered":"<p>CONTINUING TO INNOVATE ON BEHALF OF CONSUMERS. MobileX is the world&#8217;s most customizable mobile carrier, delivering the ultimate in choice and cost control. Created by the team that brought you Boost Mobile, MobileX is led by Peter Adderton, the thought-provoking mobile industry veteran with over 20 years of experience championing the consumer in wireless through [&hellip;]<\/p>","protected":false},"author":1,"featured_media":0,"parent":0,"menu_order":0,"comment_status":"closed","ping_status":"closed","template":"legal-page.php","meta":{"_acf_changed":false,"footnotes":""},"class_list":["post-5369","page","type-page","status-publish","hentry"],"acf":[],"yoast_head":"<!-- This site is optimized with the Yoast SEO plugin v25.7 - https:\/\/yoast.com\/wordpress\/plugins\/seo\/ -->\n<title>About us - MobileX<\/title>\n<meta name=\"robots\" content=\"index, follow, max-snippet:-1, max-image-preview:large, max-video-preview:-1\" \/>\n<link rel=\"canonical\" href=\"https:\/\/mymobilex.com\/es\/about-us\/\" \/>\n<meta property=\"og:locale\" content=\"es_MX\" \/>\n<meta property=\"og:type\" content=\"article\" \/>\n<meta property=\"og:title\" content=\"About us - MobileX\" \/>\n<meta property=\"og:description\" content=\"CONTINUING TO INNOVATE ON BEHALF OF CONSUMERS. MobileX is the world&#8217;s most customizable mobile carrier, delivering the ultimate in choice and cost control. Created by the team that brought you Boost Mobile, MobileX is led by Peter Adderton, the thought-provoking mobile industry veteran with over 20 years of experience championing the consumer in wireless through [&hellip;]\" \/>\n<meta property=\"og:url\" content=\"https:\/\/mymobilex.com\/es\/about-us\/\" \/>\n<meta property=\"og:site_name\" content=\"MobileX\" \/>\n<meta property=\"article:modified_time\" content=\"2024-03-12T22:25:44+00:00\" \/>\n<meta property=\"og:image\" content=\"https:\/\/mymobilex.com\/wp-content\/uploads\/2024\/01\/about-us-peter.webp\" \/>\n<meta name=\"twitter:card\" content=\"summary_large_image\" \/>\n<meta name=\"twitter:label1\" content=\"Tiempo de lectura\" \/>\n\t<meta name=\"twitter:data1\" content=\"1 minuto\" \/>\n<script type=\"application\/ld+json\" class=\"yoast-schema-graph\">{\"@context\":\"https:\/\/schema.org\",\"@graph\":[{\"@type\":\"WebPage\",\"@id\":\"https:\/\/mymobilex.com\/about-us\/\",\"url\":\"https:\/\/mymobilex.com\/about-us\/\",\"name\":\"About us - MobileX\",\"isPartOf\":{\"@id\":\"https:\/\/mymobilex.com\/#website\"},\"primaryImageOfPage\":{\"@id\":\"https:\/\/mymobilex.com\/about-us\/#primaryimage\"},\"image\":{\"@id\":\"https:\/\/mymobilex.com\/about-us\/#primaryimage\"},\"thumbnailUrl\":\"https:\/\/mymobilex.com\/wp-content\/uploads\/2024\/01\/about-us-peter.webp\",\"datePublished\":\"2024-03-12T22:15:19+00:00\",\"dateModified\":\"2024-03-12T22:25:44+00:00\",\"breadcrumb\":{\"@id\":\"https:\/\/mymobilex.com\/about-us\/#breadcrumb\"},\"inLanguage\":\"es-MX\",\"potentialAction\":[{\"@type\":\"ReadAction\",\"target\":[\"https:\/\/mymobilex.com\/about-us\/\"]}]},{\"@type\":\"ImageObject\",\"inLanguage\":\"es-MX\",\"@id\":\"https:\/\/mymobilex.com\/about-us\/#primaryimage\",\"url\":\"https:\/\/mymobilex.com\/wp-content\/uploads\/2024\/01\/about-us-peter.webp\",\"contentUrl\":\"https:\/\/mymobilex.com\/wp-content\/uploads\/2024\/01\/about-us-peter.webp\"},{\"@type\":\"BreadcrumbList\",\"@id\":\"https:\/\/mymobilex.com\/about-us\/#breadcrumb\",\"itemListElement\":[{\"@type\":\"ListItem\",\"position\":1,\"name\":\"Home\",\"item\":\"https:\/\/mymobilex.com\/\"},{\"@type\":\"ListItem\",\"position\":2,\"name\":\"About us\"}]},{\"@type\":\"WebSite\",\"@id\":\"https:\/\/mymobilex.com\/#website\",\"url\":\"https:\/\/mymobilex.com\/\",\"name\":\"MobileX\",\"description\":\"\",\"potentialAction\":[{\"@type\":\"SearchAction\",\"target\":{\"@type\":\"EntryPoint\",\"urlTemplate\":\"https:\/\/mymobilex.com\/?s={search_term_string}\"},\"query-input\":{\"@type\":\"PropertyValueSpecification\",\"valueRequired\":true,\"valueName\":\"search_term_string\"}}],\"inLanguage\":\"es-MX\"}]}<\/script>\n<!-- \/ Yoast SEO plugin. -->","yoast_head_json":{"title":"About us - MobileX","robots":{"index":"index","follow":"follow","max-snippet":"max-snippet:-1","max-image-preview":"max-image-preview:large","max-video-preview":"max-video-preview:-1"},"canonical":"https:\/\/mymobilex.com\/es\/about-us\/","og_locale":"es_MX","og_type":"article","og_title":"About us - MobileX","og_description":"CONTINUING TO INNOVATE ON BEHALF OF CONSUMERS. MobileX is the world&#8217;s most customizable mobile carrier, delivering the ultimate in choice and cost control. Created by the team that brought you Boost Mobile, MobileX is led by Peter Adderton, the thought-provoking mobile industry veteran with over 20 years of experience championing the consumer in wireless through [&hellip;]","og_url":"https:\/\/mymobilex.com\/es\/about-us\/","og_site_name":"MobileX","article_modified_time":"2024-03-12T22:25:44+00:00","og_image":[{"url":"https:\/\/mymobilex.com\/wp-content\/uploads\/2024\/01\/about-us-peter.webp","type":"","width":"","height":""}],"twitter_card":"summary_large_image","twitter_misc":{"Tiempo de lectura":"1 minuto"},"schema":{"@context":"https:\/\/schema.org","@graph":[{"@type":"WebPage","@id":"https:\/\/mymobilex.com\/about-us\/","url":"https:\/\/mymobilex.com\/about-us\/","name":"About us - MobileX","isPartOf":{"@id":"https:\/\/mymobilex.com\/#website"},"primaryImageOfPage":{"@id":"https:\/\/mymobilex.com\/about-us\/#primaryimage"},"image":{"@id":"https:\/\/mymobilex.com\/about-us\/#primaryimage"},"thumbnailUrl":"https:\/\/mymobilex.com\/wp-content\/uploads\/2024\/01\/about-us-peter.webp","datePublished":"2024-03-12T22:15:19+00:00","dateModified":"2024-03-12T22:25:44+00:00","breadcrumb":{"@id":"https:\/\/mymobilex.com\/about-us\/#breadcrumb"},"inLanguage":"es-MX","potentialAction":[{"@type":"ReadAction","target":["https:\/\/mymobilex.com\/about-us\/"]}]},{"@type":"ImageObject","inLanguage":"es-MX","@id":"https:\/\/mymobilex.com\/about-us\/#primaryimage","url":"https:\/\/mymobilex.com\/wp-content\/uploads\/2024\/01\/about-us-peter.webp","contentUrl":"https:\/\/mymobilex.com\/wp-content\/uploads\/2024\/01\/about-us-peter.webp"},{"@type":"BreadcrumbList","@id":"https:\/\/mymobilex.com\/about-us\/#breadcrumb","itemListElement":[{"@type":"ListItem","position":1,"name":"Home","item":"https:\/\/mymobilex.com\/"},{"@type":"ListItem","position":2,"name":"About us"}]},{"@type":"WebSite","@id":"https:\/\/mymobilex.com\/#website","url":"https:\/\/mymobilex.com\/","name":"MobileX","description":"","potentialAction":[{"@type":"SearchAction","target":{"@type":"EntryPoint","urlTemplate":"https:\/\/mymobilex.com\/?s={search_term_string}"},"query-input":{"@type":"PropertyValueSpecification","valueRequired":true,"valueName":"search_term_string"}}],"inLanguage":"es-MX"}]}},"featured_image_src":null,"featured_image_src_square":null,"_links":{"self":[{"href":"https:\/\/mymobilex.com\/es\/wp-json\/wp\/v2\/pages\/5369","targetHints":{"allow":["GET"]}}],"collection":[{"href":"https:\/\/mymobilex.com\/es\/wp-json\/wp\/v2\/pages"}],"about":[{"href":"https:\/\/mymobilex.com\/es\/wp-json\/wp\/v2\/types\/page"}],"author":[{"embeddable":true,"href":"https:\/\/mymobilex.com\/es\/wp-json\/wp\/v2\/users\/1"}],"replies":[{"embeddable":true,"href":"https:\/\/mymobilex.com\/es\/wp-json\/wp\/v2\/comments?post=5369"}],"version-history":[{"count":0,"href":"https:\/\/mymobilex.com\/es\/wp-json\/wp\/v2\/pages\/5369\/revisions"}],"wp:attachment":[{"href":"https:\/\/mymobilex.com\/es\/wp-json\/wp\/v2\/media?parent=5369"}],"curies":[{"name":"wp","href":"https:\/\/api.w.org\/{rel}","templated":true}]}}